{"id":13,"date":"2025-01-09T15:46:50","date_gmt":"2025-01-09T15:46:50","guid":{"rendered":"https:\/\/moveonapp.net\/?page_id=13"},"modified":"2025-01-09T16:51:35","modified_gmt":"2025-01-09T19:51:35","slug":"home","status":"publish","type":"page","link":"https:\/\/moveonapp.net\/","title":{"rendered":"\u00ednicio"},"content":{"rendered":"\n<div class=\"wp-block-group alignfull is-style-section-3 has-global-padding is-layout-constrained wp-block-group-is-layout-constrained is-style-section-3--1\" style=\"margin-top:0;margin-bottom:0;padding-top:var(--wp--preset--spacing--60);padding-bottom:var(--wp--preset--spacing--60)\">\n<div class=\"wp-block-columns alignwide is-layout-flex wp-container-core-columns-is-layout-643ced6b wp-block-columns-is-layout-flex\">\n<div class=\"wp-block-column is-layout-flow wp-block-column-is-layout-flow\" style=\"flex-basis:40%\">\n<figure class=\"wp-block-image size-full\"><img fetchpriority=\"high\" decoding=\"async\" width=\"626\" height=\"626\" src=\"https:\/\/moveonapp.net\/wp-content\/uploads\/2025\/01\/move1.png\" alt=\"\" class=\"wp-image-17\" srcset=\"https:\/\/moveonapp.net\/wp-content\/uploads\/2025\/01\/move1.png 626w, https:\/\/moveonapp.net\/wp-content\/uploads\/2025\/01\/move1-300x300.png 300w, https:\/\/moveonapp.net\/wp-content\/uploads\/2025\/01\/move1-150x150.png 150w\" sizes=\"(max-width: 626px) 100vw, 626px\" \/><\/figure>\n<\/div>\n\n\n\n<div class=\"wp-block-column is-vertically-aligned-center is-layout-flow wp-container-core-column-is-layout-119bc444 wp-block-column-is-layout-flow\" style=\"flex-basis:60%\">\n<h2 class=\"wp-block-heading has-xx-large-font-size\"><strong>Move On, mais que aplicativo, sua nova experi\u00eancia em mobilidade.<\/strong><\/h2>\n\n\n\n<p>Na MOVE ON, oferecemos uma experi\u00eancia \u00fanica para <strong>passageiros<\/strong>, <strong>motoristas<\/strong> e <strong>empresas<\/strong>, com solu\u00e7\u00f5es personalizadas para cada necessidade. Para os passageiros, garantimos <strong>seguran\u00e7a<\/strong>, <strong>pontualidade<\/strong> e <strong>pre\u00e7os justos<\/strong>, sem surpresas. Para os motoristas, oferecemos <strong>suporte cont\u00ednuo<\/strong>, <strong>valoriza\u00e7\u00e3o profissional<\/strong> e um ambiente de trabalho transparente e flex\u00edvel. J\u00e1 para as empresas, nossa plataforma oferece <strong>controle total<\/strong>, com <strong>relat\u00f3rios detalhados<\/strong>, <strong>integra\u00e7\u00f5es eficientes<\/strong> e uma gest\u00e3o simplificada de viagens corporativas. <strong>Seguran\u00e7a, transpar\u00eancia e efici\u00eancia<\/strong> para todos: a MOVE ON \u00e9 mais que um aplicativo de transporte, \u00e9 a solu\u00e7\u00e3o completa que voc\u00ea procura..<\/p>\n<\/div>\n<\/div>\n<\/div>\n\n\n\n<div class=\"wp-block-group alignfull is-style-section-5 has-global-padding is-layout-constrained wp-block-group-is-layout-constrained is-style-section-5--2\" style=\"margin-top:0;margin-bottom:0;padding-top:var(--wp--preset--spacing--50);padding-bottom:var(--wp--preset--spacing--50)\">\n<div class=\"wp-block-columns alignwide is-layout-flex wp-container-core-columns-is-layout-7ee84d44 wp-block-columns-is-layout-flex\">\n<div class=\"wp-block-column is-vertically-aligned-center is-layout-flow wp-block-column-is-layout-flow\" style=\"flex-basis:50%\">\n<h2 class=\"wp-block-heading\"><strong>Descubra a Experi\u00eancia MOVE ON: Mais que um simples transporte, uma jornada de confian\u00e7a!<\/strong><\/h2>\n\n\n\n<p class=\"has-medium-font-size\"><\/p>\n\n\n\n<p>Na MOVE ON, entendemos que sua viagem vai al\u00e9m de apenas um trajeto. Pensando em voc\u00ea, criamos um servi\u00e7o que coloca <strong>seguran\u00e7a<\/strong>, <strong>pontualidade<\/strong> e <strong>disponibilidade<\/strong> em primeiro lugar. Cada corrida \u00e9 planejada para garantir que voc\u00ea chegue ao seu destino de forma tranquila, com a certeza de estar em boas m\u00e3os.<\/p>\n\n\n\n<p>Com <strong>motoristas rigorosamente selecionados<\/strong>, a MOVE ON oferece um time de profissionais experientes e comprometidos com o seu conforto e bem-estar. Nossos motoristas s\u00e3o avaliados constantemente, para que voc\u00ea tenha a garantia de uma viagem segura e agrad\u00e1vel, sempre.<\/p>\n\n\n\n<p>Al\u00e9m disso, com a gente, <strong>n\u00e3o h\u00e1 surpresas no pre\u00e7o<\/strong>. Nada de tarifas din\u00e2micas que aumentam sem aviso. O valor da sua corrida \u00e9 justo e transparente, para que voc\u00ea possa planejar com confian\u00e7a, sabendo exatamente quanto vai pagar antes de embarcar.<\/p>\n\n\n\n<p>Estamos dispon\u00edveis sempre que voc\u00ea precisar, prontos para levar voc\u00ea onde quer que seja, com rapidez e qualidade. A MOVE ON \u00e9 mais do que um simples aplicativo de transporte; \u00e9 a solu\u00e7\u00e3o que coloca o seu conforto e seguran\u00e7a em primeiro lugar.<\/p>\n\n\n\n<p class=\"has-medium-font-size\"><strong>MOVE ON<\/strong> \u2014 O caminho mais seguro e pontual para o seu destino.<\/p>\n<\/div>\n\n\n\n<div class=\"wp-block-column is-vertically-aligned-center is-layout-flow wp-block-column-is-layout-flow\" style=\"flex-basis:50%\">\n<figure class=\"wp-block-image size-full\"><img decoding=\"async\" width=\"626\" height=\"357\" src=\"https:\/\/moveonapp.net\/wp-content\/uploads\/2025\/01\/jovem-afro-usa-uma-locadora-de-automoveis-ou-servico-de-taxi-em-seu-smartphone-ilustracao-vetorial_357257-581.avif\" alt=\"\" class=\"wp-image-19\" style=\"aspect-ratio:1;object-fit:contain\" srcset=\"https:\/\/moveonapp.net\/wp-content\/uploads\/2025\/01\/jovem-afro-usa-uma-locadora-de-automoveis-ou-servico-de-taxi-em-seu-smartphone-ilustracao-vetorial_357257-581.avif 626w, https:\/\/moveonapp.net\/wp-content\/uploads\/2025\/01\/jovem-afro-usa-uma-locadora-de-automoveis-ou-servico-de-taxi-em-seu-smartphone-ilustracao-vetorial_357257-581-300x171.avif 300w\" sizes=\"(max-width: 626px) 100vw, 626px\" \/><\/figure>\n<\/div>\n<\/div>\n<\/div>\n\n\n\n<div class=\"wp-block-group alignfull is-style-section-3 has-global-padding is-layout-constrained wp-block-group-is-layout-constrained is-style-section-3--3\" style=\"margin-top:0;margin-bottom:0;padding-top:var(--wp--preset--spacing--50);padding-bottom:var(--wp--preset--spacing--50)\">\n<div class=\"wp-block-columns alignwide is-layout-flex wp-container-core-columns-is-layout-7ee84d44 wp-block-columns-is-layout-flex\">\n<div class=\"wp-block-column is-vertically-aligned-center is-layout-flow wp-block-column-is-layout-flow\" style=\"flex-basis:50%\">\n<h2 class=\"wp-block-heading\"><strong>Junte-se \u00e0 MOVE ON: A experi\u00eancia de dirigir com seguran\u00e7a, respeito e reconhecimento!<\/strong><\/h2>\n\n\n\n<p class=\"has-medium-font-size\">Na MOVE ON, entendemos que ser motorista n\u00e3o \u00e9 apenas uma profiss\u00e3o, \u00e9 uma responsabilidade. Por isso, oferecemos uma plataforma que prioriza sua seguran\u00e7a, pontualidade e reconhecimento, al\u00e9m de proporcionar um ambiente de trabalho justo e transparente.<\/p>\n\n\n\n<p>Trabalhando com a MOVE ON, voc\u00ea tem <strong>acesso a corridas programadas<\/strong>, com clientes que confiam na qualidade do nosso servi\u00e7o e no seu profissionalismo. <strong>Motoristas rigorosamente selecionados<\/strong> fazem parte da nossa equipe, garantindo que sua experi\u00eancia na plataforma seja sempre segura e agrad\u00e1vel.<\/p>\n\n\n\n<p>Aqui, voc\u00ea n\u00e3o se preocupa com surpresas no valor das corridas. Com a MOVE ON, as tarifas s\u00e3o justas e previs\u00edveis, sem os inconvenientes do <strong>pre\u00e7o din\u00e2mico<\/strong>. O valor da corrida \u00e9 claro e transparente, para que voc\u00ea possa se concentrar no que realmente importa: proporcionar uma excelente experi\u00eancia ao passageiro.<\/p>\n\n\n\n<p>Nossa plataforma est\u00e1 dispon\u00edvel <strong>24 horas por dia<\/strong>, garantindo que voc\u00ea tenha flexibilidade para escolher quando e como trabalhar, com total liberdade para equilibrar sua vida pessoal e profissional. Com a MOVE ON, voc\u00ea tem <strong>seguran\u00e7a, suporte constante e reconhecimento<\/strong> pelo excelente trabalho que realiza.<\/p>\n\n\n\n<p>Seja parte de uma rede que valoriza a <strong>pontualidade, a seguran\u00e7a e a confian\u00e7a<\/strong>. A MOVE ON est\u00e1 aqui para garantir que voc\u00ea tenha as melhores condi\u00e7\u00f5es para crescer, trabalhar e prosperar.<\/p>\n\n\n\n<p class=\"has-medium-font-size\"><strong>MOVE ON<\/strong> \u2014 Conectando voc\u00ea ao futuro do transporte com respeito, seguran\u00e7a e oportunidades!<\/p>\n<\/div>\n\n\n\n<div class=\"wp-block-column is-vertically-aligned-center is-layout-flow wp-block-column-is-layout-flow\" style=\"flex-basis:50%\">\n<figure class=\"wp-block-image size-full\"><img decoding=\"async\" width=\"1078\" height=\"980\" src=\"https:\/\/moveonapp.net\/wp-content\/uploads\/2025\/01\/move2.png\" alt=\"\" class=\"wp-image-21\" style=\"aspect-ratio:1;object-fit:cover\" srcset=\"https:\/\/moveonapp.net\/wp-content\/uploads\/2025\/01\/move2.png 1078w, https:\/\/moveonapp.net\/wp-content\/uploads\/2025\/01\/move2-300x273.png 300w, https:\/\/moveonapp.net\/wp-content\/uploads\/2025\/01\/move2-1024x931.png 1024w, https:\/\/moveonapp.net\/wp-content\/uploads\/2025\/01\/move2-768x698.png 768w\" sizes=\"(max-width: 1078px) 100vw, 1078px\" \/><\/figure>\n<\/div>\n<\/div>\n<\/div>\n\n\n\n<div class=\"wp-block-group alignfull is-style-section-5 has-global-padding is-layout-constrained wp-block-group-is-layout-constrained is-style-section-5--4\" style=\"margin-top:0;margin-bottom:0;padding-top:var(--wp--preset--spacing--50);padding-bottom:var(--wp--preset--spacing--50)\">\n<div class=\"wp-block-columns alignwide is-layout-flex wp-container-core-columns-is-layout-7ee84d44 wp-block-columns-is-layout-flex\">\n<div class=\"wp-block-column is-vertically-aligned-center is-layout-flow wp-block-column-is-layout-flow\" style=\"flex-basis:50%\">\n<h2 class=\"wp-block-heading\"><strong>MOVE ON para Empresas: A solu\u00e7\u00e3o de transporte corporativo feita sob medida para sua empresa!<\/strong><\/h2>\n\n\n\n<p class=\"has-medium-font-size\">Na MOVE ON, entendemos que, para empresas, transporte n\u00e3o \u00e9 apenas uma quest\u00e3o de deslocamento, mas de <strong>seguran\u00e7a<\/strong>, <strong>controle<\/strong> e <strong>efici\u00eancia<\/strong>. Pensando nisso, criamos uma plataforma totalmente focada no <strong>mercado corporativo<\/strong>, oferecendo a melhor experi\u00eancia de transporte para seus colaboradores, com funcionalidades e servi\u00e7os que atendem \u00e0s suas necessidades espec\u00edficas.<\/p>\n\n\n\n<p>Com a MOVE ON, seus colaboradores viajam com a <strong>garantia de seguran\u00e7a<\/strong> em cada trajeto, pois trabalhamos com motoristas rigorosamente selecionados e comprometidos com a qualidade do servi\u00e7o. Al\u00e9m disso, nossa plataforma garante <strong>pontualidade<\/strong> em todos os deslocamentos, proporcionando a confian\u00e7a necess\u00e1ria para suas opera\u00e7\u00f5es.<\/p>\n\n\n\n<p><strong>Relat\u00f3rios detalhados, cadastro personalizado e integra\u00e7\u00e3o total com seus sistemas<\/strong>: oferecemos um controle refinado e completo, para que voc\u00ea possa monitorar e gerenciar todos os deslocamentos da sua equipe de maneira simples e eficiente. Ao contr\u00e1rio de outros aplicativos de transporte, a MOVE ON foi <strong>desenvolvida com a finalidade exclusiva de atender o mercado corporativo<\/strong>, com uma abordagem voltada para as necessidades das empresas.<\/p>\n\n\n\n<p>A nossa plataforma permite a gera\u00e7\u00e3o de <strong>relat\u00f3rios personalizados<\/strong>, facilitando o acompanhamento de despesas, trajetos e hist\u00f3rico de viagens. Al\u00e9m disso, com <strong>integra\u00e7\u00f5es diretas com seus sistemas<\/strong>, voc\u00ea ter\u00e1 acesso a uma gest\u00e3o mais eficiente, sem complica\u00e7\u00f5es e com a precis\u00e3o que sua empresa precisa para controlar os custos e otimizar a log\u00edstica de transporte.<\/p>\n\n\n\n<p>Diga adeus \u00e0 falta de controle e \u00e0 inseguran\u00e7a nas viagens corporativas. Com a MOVE ON, sua empresa ter\u00e1 <strong>transpar\u00eancia total<\/strong>, <strong>seguran\u00e7a<\/strong>, <strong>pontualidade<\/strong> e <strong>flexibilidade<\/strong> para que seus colaboradores possam se deslocar com tranquilidade, enquanto voc\u00ea mant\u00e9m o controle completo.<\/p>\n\n\n\n<p class=\"has-medium-font-size\"><strong>MOVE ON<\/strong> \u2014 O aplicativo de transporte que nasceu para atender as exig\u00eancias do mercado corporativo, oferecendo seguran\u00e7a, integra\u00e7\u00e3o e controle para a sua empresa.<\/p>\n<\/div>\n\n\n\n<div class=\"wp-block-column is-vertically-aligned-center is-layout-flow wp-block-column-is-layout-flow\" style=\"flex-basis:50%\">\n<figure class=\"wp-block-image size-full\"><img loading=\"lazy\" decoding=\"async\" width=\"626\" height=\"626\" src=\"https:\/\/moveonapp.net\/wp-content\/uploads\/2025\/01\/move4.png\" alt=\"\" class=\"wp-image-18\" style=\"aspect-ratio:1;object-fit:cover\" srcset=\"https:\/\/moveonapp.net\/wp-content\/uploads\/2025\/01\/move4.png 626w, https:\/\/moveonapp.net\/wp-content\/uploads\/2025\/01\/move4-300x300.png 300w, https:\/\/moveonapp.net\/wp-content\/uploads\/2025\/01\/move4-150x150.png 150w\" sizes=\"(max-width: 626px) 100vw, 626px\" \/><\/figure>\n<\/div>\n<\/div>\n<\/div>\n\n\n\n<aside class=\"wp-block-group alignfull is-style-section-3 has-global-padding is-layout-constrained wp-container-core-group-is-layout-f0f2a97b wp-block-group-is-layout-constrained is-style-section-3--5\" style=\"margin-top:0;margin-bottom:0;padding-top:var(--wp--preset--spacing--50);padding-right:var(--wp--preset--spacing--50);padding-bottom:var(--wp--preset--spacing--50);padding-left:var(--wp--preset--spacing--50)\">\n<div class=\"wp-block-group is-vertical is-content-justification-center is-layout-flex wp-container-core-group-is-layout-8778ca4a wp-block-group-is-layout-flex\" style=\"min-height:360px;margin-top:0;margin-bottom:0\">\n<h2 class=\"wp-block-heading has-text-align-center has-xx-large-font-size\">Inscreva-se para acompanhar nossas novidades<\/h2>\n\n\n\n<p class=\"has-text-align-center is-style-text-subtitle is-style-text-subtitle--6\">Acompanhe as novidades da nova plataforma de mobilidade que vai revolucionar o conceito de transporte corporativo<\/p>\n\n\n\n<div style=\"height:0px\" aria-hidden=\"true\" class=\"wp-block-spacer wp-container-content-62aae154\"><\/div>\n\n\n\n<div class=\"wp-block-buttons is-content-justification-center is-layout-flex wp-container-core-buttons-is-layout-a89b3969 wp-block-buttons-is-layout-flex\">\n<div class=\"wp-block-button\"><a class=\"wp-block-button__link has-text-align-center wp-element-button\">Inscreva-se<\/a><\/div>\n<\/div>\n<\/div>\n<\/aside>\n\n\n\n<p><\/p>\n","protected":false},"excerpt":{"rendered":"<p>Move On, mais que aplicativo, sua nova experi\u00eancia em mobilidade. Na MOVE ON, oferecemos uma experi\u00eancia \u00fanica para passageiros, motoristas e empresas, com solu\u00e7\u00f5es personalizadas para cada necessidade. Para os passageiros, garantimos seguran\u00e7a, pontualidade e pre\u00e7os justos, sem surpresas. Para os motoristas, oferecemos suporte cont\u00ednuo, valoriza\u00e7\u00e3o profissional e um ambiente de trabalho transparente e flex\u00edvel. [&hellip;]<\/p>\n","protected":false},"author":1,"featured_media":0,"parent":0,"menu_order":0,"comment_status":"closed","ping_status":"closed","template":"","meta":{"footnotes":""},"class_list":["post-13","page","type-page","status-publish","hentry"],"_links":{"self":[{"href":"https:\/\/moveonapp.net\/index.php\/wp-json\/wp\/v2\/pages\/13","targetHints":{"allow":["GET"]}}],"collection":[{"href":"https:\/\/moveonapp.net\/index.php\/wp-json\/wp\/v2\/pages"}],"about":[{"href":"https:\/\/moveonapp.net\/index.php\/wp-json\/wp\/v2\/types\/page"}],"author":[{"embeddable":true,"href":"https:\/\/moveonapp.net\/index.php\/wp-json\/wp\/v2\/users\/1"}],"replies":[{"embeddable":true,"href":"https:\/\/moveonapp.net\/index.php\/wp-json\/wp\/v2\/comments?post=13"}],"version-history":[{"count":10,"href":"https:\/\/moveonapp.net\/index.php\/wp-json\/wp\/v2\/pages\/13\/revisions"}],"predecessor-version":[{"id":52,"href":"https:\/\/moveonapp.net\/index.php\/wp-json\/wp\/v2\/pages\/13\/revisions\/52"}],"wp:attachment":[{"href":"https:\/\/moveonapp.net\/index.php\/wp-json\/wp\/v2\/media?parent=13"}],"curies":[{"name":"wp","href":"https:\/\/api.w.org\/{rel}","templated":true}]}}